{"id":8,"date":"2018-05-08T18:32:06","date_gmt":"2018-05-08T18:32:06","guid":{"rendered":"http:\/\/www.campingtrois-pistoles.com\/WP\/?page_id=8"},"modified":"2026-04-08T13:27:22","modified_gmt":"2026-04-08T13:27:22","slug":"activites","status":"publish","type":"page","link":"https:\/\/www.campingtrois-pistoles.com\/WP\/activites\/","title":{"rendered":"Activit\u00e9s"},"content":{"rendered":"<p><b>ACTIVIT\u00c9S<\/b><\/p>\n<ul>\n<li>Piscine chauff\u00e9 et jeux d&rsquo;eau (Inclus dans le prix avec le terrain)<br \/>(Port du casque de bain obligatoire)<\/li>\n<li>\u00a0Mini-Golf\u00a0<\/li>\n<li>\u00a0Belv\u00e9d\u00e8re avec vue sur le fleuve et la ville de Trois-Pistoles<\/li>\n<li>\u00a0Terrain de jeu pour les enfants<\/li>\n<li>\u00a0Acc\u00e8s directe \u00e0 la piste cyclable et au sentier p\u00e9destre<\/li>\n<li>\u00a0Location de v\u00e9lo \u00e0 l&rsquo;accueil du Camping<\/li>\n<\/ul>\n<p><b>Horaire de la piscine<\/b><br \/>De 9h \u00e0 21h<\/p>\n<p><strong>Tarifs<\/strong><br \/><em>Mini-Golf:<\/em> 6$ pour les adultes et 4$ pour les enfants de moins de 12 ans.<br \/><em>Jeux d&rsquo;eau:<\/em> gratuit pour tous<\/p>\n\n\n<p><strong>Calendrier 2025 des activit\u00e9s<\/strong><\/p>\n\n\n\n<figure class=\"wp-block-image size-large\"><img loading=\"lazy\" decoding=\"async\" width=\"1024\" height=\"716\" src=\"https:\/\/www.campingtrois-pistoles.com\/WP\/wp-content\/uploads\/2025\/05\/Animation-2025-1-1024x716.png\" alt=\"\" class=\"wp-image-360\" srcset=\"https:\/\/www.campingtrois-pistoles.com\/WP\/wp-content\/uploads\/2025\/05\/Animation-2025-1-1024x716.png 1024w, https:\/\/www.campingtrois-pistoles.com\/WP\/wp-content\/uploads\/2025\/05\/Animation-2025-1-300x210.png 300w, https:\/\/www.campingtrois-pistoles.com\/WP\/wp-content\/uploads\/2025\/05\/Animation-2025-1-768x537.png 768w, https:\/\/www.campingtrois-pistoles.com\/WP\/wp-content\/uploads\/2025\/05\/Animation-2025-1.png 1113w\" sizes=\"auto, (max-width: 767px) 89vw, (max-width: 1000px) 54vw, (max-width: 1071px) 543px, 580px\" \/><\/figure>\n","protected":false},"excerpt":{"rendered":"<p>ACTIVIT\u00c9S Piscine chauff\u00e9 et jeux d&rsquo;eau (Inclus dans le prix avec le terrain)(Port du casque de bain obligatoire) \u00a0Mini-Golf\u00a0 \u00a0Belv\u00e9d\u00e8re avec vue sur le fleuve et la ville de Trois-Pistoles \u00a0Terrain de jeu pour les enfants \u00a0Acc\u00e8s directe \u00e0 la piste cyclable et au sentier p\u00e9destre \u00a0Location de v\u00e9lo \u00e0 l&rsquo;accueil du Camping Horaire de &hellip; <\/p>\n<p class=\"link-more\"><a href=\"https:\/\/www.campingtrois-pistoles.com\/WP\/activites\/\" class=\"more-link\">Continuer la lecture<span class=\"screen-reader-text\"> de &laquo; Activit\u00e9s &raquo;<\/span><\/a><\/p>\n","protected":false},"author":1,"featured_media":78,"parent":0,"menu_order":0,"comment_status":"closed","ping_status":"closed","template":"","meta":{"footnotes":""},"class_list":["post-8","page","type-page","status-publish","has-post-thumbnail","hentry"],"_links":{"self":[{"href":"https:\/\/www.campingtrois-pistoles.com\/WP\/wp-json\/wp\/v2\/pages\/8","targetHints":{"allow":["GET"]}}],"collection":[{"href":"https:\/\/www.campingtrois-pistoles.com\/WP\/wp-json\/wp\/v2\/pages"}],"about":[{"href":"https:\/\/www.campingtrois-pistoles.com\/WP\/wp-json\/wp\/v2\/types\/page"}],"author":[{"embeddable":true,"href":"https:\/\/www.campingtrois-pistoles.com\/WP\/wp-json\/wp\/v2\/users\/1"}],"replies":[{"embeddable":true,"href":"https:\/\/www.campingtrois-pistoles.com\/WP\/wp-json\/wp\/v2\/comments?post=8"}],"version-history":[{"count":14,"href":"https:\/\/www.campingtrois-pistoles.com\/WP\/wp-json\/wp\/v2\/pages\/8\/revisions"}],"predecessor-version":[{"id":386,"href":"https:\/\/www.campingtrois-pistoles.com\/WP\/wp-json\/wp\/v2\/pages\/8\/revisions\/386"}],"wp:featuredmedia":[{"embeddable":true,"href":"https:\/\/www.campingtrois-pistoles.com\/WP\/wp-json\/wp\/v2\/media\/78"}],"wp:attachment":[{"href":"https:\/\/www.campingtrois-pistoles.com\/WP\/wp-json\/wp\/v2\/media?parent=8"}],"curies":[{"name":"wp","href":"https:\/\/api.w.org\/{rel}","templated":true}]}}