{"id":7,"date":"2018-05-08T18:32:06","date_gmt":"2018-05-08T18:32:06","guid":{"rendered":"http:\/\/www.campingtrois-pistoles.com\/WP\/?page_id=7"},"modified":"2026-04-08T13:21:11","modified_gmt":"2026-04-08T13:21:11","slug":"accueil","status":"publish","type":"page","link":"https:\/\/www.campingtrois-pistoles.com\/WP\/","title":{"rendered":"Accueil"},"content":{"rendered":"<div class=\"wp-block-image\">\n<figure class=\"aligncenter size-large is-resized\"><img loading=\"lazy\" decoding=\"async\" width=\"957\" height=\"1024\" src=\"https:\/\/www.campingtrois-pistoles.com\/WP\/wp-content\/uploads\/2026\/04\/Logo_Festival_Western_Trois-Pistoles_VF_Noir-957x1024.jpg\" alt=\"\" class=\"wp-image-383\" style=\"aspect-ratio:0.9345899685841187;width:188px;height:auto\" srcset=\"https:\/\/www.campingtrois-pistoles.com\/WP\/wp-content\/uploads\/2026\/04\/Logo_Festival_Western_Trois-Pistoles_VF_Noir-957x1024.jpg 957w, https:\/\/www.campingtrois-pistoles.com\/WP\/wp-content\/uploads\/2026\/04\/Logo_Festival_Western_Trois-Pistoles_VF_Noir-280x300.jpg 280w, https:\/\/www.campingtrois-pistoles.com\/WP\/wp-content\/uploads\/2026\/04\/Logo_Festival_Western_Trois-Pistoles_VF_Noir-768x822.jpg 768w, https:\/\/www.campingtrois-pistoles.com\/WP\/wp-content\/uploads\/2026\/04\/Logo_Festival_Western_Trois-Pistoles_VF_Noir-1436x1536.jpg 1436w\" sizes=\"auto, (max-width: 767px) 89vw, (max-width: 1000px) 54vw, (max-width: 1071px) 543px, 580px\" \/><\/figure>\n<\/div>\n\n\n<p><strong><mark style=\"background-color:rgba(0, 0, 0, 0)\" class=\"has-inline-color has-luminous-vivid-orange-color\">Nous sommes complets pour la fin de semaine du Festival Western 2026.<\/mark>  <a href=\"https:\/\/festivalwestern3pistoles.com\/info\/hebergements.php\">Visiter le site web du festival pour des alternatives. <\/a> Merci et bon festival!!<\/strong><\/p>\n\n\n<p><b>BIENVENUE AU CAMPING MUNICIPAL DE TROIS-PISTOLES <\/b><\/p>\n<p><em>No de l&rsquo;\u00e9tablissement : 198052<\/em><\/p>\n<p>Prenez l&rsquo;air de Trois-Pistoles, l&rsquo;air du Saint-Laurent. Les activit\u00e9s culturelles, sociales et de plein air sont nombreuses. Ce vaste terrain de camping en pleine nature, qui surplombe le fleuve, poss\u00e8de un \u00e9quipement moderne et une organisation de premi\u00e8re classe. Les activit\u00e9s pour les enfants et toute la famille \u00e9gaieront votre s\u00e9jour. Un grand espace de campement est r\u00e9serv\u00e9 pour chaque site.<\/p>\n<p>Le Camping municipal de Trois-Pistoles obtient chaque ann\u00e9e la classification de Camping Qu\u00e9bec.<\/p>\n<p><b>Une destination vacances exceptionnelle<\/b><br \/>\u2022 104 sites de 3 services<br \/>\u2022 56 sites de 2 services<br \/>\u2022 34 sites de base<br \/>\u2022 Emplacements spacieux et bois\u00e9s<br \/>\u2022 S\u00e9jour calme<br \/>\u2022 Sentiers avec belv\u00e9d\u00e8re<br \/>\u2022 Acc\u00e8s direct \u00e0 la piste cyclable et au sentier p\u00e9destre<br \/>\u2022 \u00c0 proximit\u00e9 de la plage publique, du quai et du centre-ville<\/p>\n<p>Date d&rsquo;ouverture : 15 mai 2026 au 20 septembre 2026<\/p>\n<p>\u00c0 4 heures 30 de Montr\u00e9al<br \/>\u00c0 2 heures de Qu\u00e9bec<\/p>\n\n\n<p><a href=\"https:\/\/secure.reservationcamping.ca\/cgi-bin\/reservation.cgi?camping_id=3019b4a99e33ad595849412b1e\">>>> R\u00c9SERVEZ EN LIGNE D\u00c8S MAINTENANT &lt;&lt;&lt;<\/a><\/p>\n","protected":false},"excerpt":{"rendered":"<p>Nous sommes complets pour la fin de semaine du Festival Western 2026. Visiter le site web du festival pour des alternatives. Merci et bon festival!! BIENVENUE AU CAMPING MUNICIPAL DE TROIS-PISTOLES No de l&rsquo;\u00e9tablissement : 198052 Prenez l&rsquo;air de Trois-Pistoles, l&rsquo;air du Saint-Laurent. Les activit\u00e9s culturelles, sociales et de plein air sont nombreuses. Ce vaste &hellip; <\/p>\n<p class=\"link-more\"><a href=\"https:\/\/www.campingtrois-pistoles.com\/WP\/\" class=\"more-link\">Continuer la lecture<span class=\"screen-reader-text\"> de &laquo; Accueil &raquo;<\/span><\/a><\/p>\n","protected":false},"author":1,"featured_media":0,"parent":0,"menu_order":0,"comment_status":"closed","ping_status":"closed","template":"","meta":{"footnotes":""},"class_list":["post-7","page","type-page","status-publish","hentry"],"_links":{"self":[{"href":"https:\/\/www.campingtrois-pistoles.com\/WP\/wp-json\/wp\/v2\/pages\/7","targetHints":{"allow":["GET"]}}],"collection":[{"href":"https:\/\/www.campingtrois-pistoles.com\/WP\/wp-json\/wp\/v2\/pages"}],"about":[{"href":"https:\/\/www.campingtrois-pistoles.com\/WP\/wp-json\/wp\/v2\/types\/page"}],"author":[{"embeddable":true,"href":"https:\/\/www.campingtrois-pistoles.com\/WP\/wp-json\/wp\/v2\/users\/1"}],"replies":[{"embeddable":true,"href":"https:\/\/www.campingtrois-pistoles.com\/WP\/wp-json\/wp\/v2\/comments?post=7"}],"version-history":[{"count":32,"href":"https:\/\/www.campingtrois-pistoles.com\/WP\/wp-json\/wp\/v2\/pages\/7\/revisions"}],"predecessor-version":[{"id":384,"href":"https:\/\/www.campingtrois-pistoles.com\/WP\/wp-json\/wp\/v2\/pages\/7\/revisions\/384"}],"wp:attachment":[{"href":"https:\/\/www.campingtrois-pistoles.com\/WP\/wp-json\/wp\/v2\/media?parent=7"}],"curies":[{"name":"wp","href":"https:\/\/api.w.org\/{rel}","templated":true}]}}