{"id":11,"date":"2018-05-08T18:32:06","date_gmt":"2018-05-08T18:32:06","guid":{"rendered":"http:\/\/www.campingtrois-pistoles.com\/WP\/?page_id=11"},"modified":"2018-05-11T18:38:29","modified_gmt":"2018-05-11T18:38:29","slug":"historique","status":"publish","type":"page","link":"https:\/\/www.campingtrois-pistoles.com\/WP\/historique\/","title":{"rendered":"Historique"},"content":{"rendered":"<p><b>HISTORIQUE DU CAMPING<\/b><\/p>\n<p>Le 24 novembre 1969, le Minist\u00e8re du Tourisme, de la Chasse et de la P\u00eache achetait de Mme Anita Rioux, seigneuresse de la lign\u00e9e de Jean Rioux, un terrain de dimension de 3 878 465 pieds carr\u00e9s pour en faire un Camping provincial.<\/p>\n<p><!--more--><\/p>\n<p>Le 16 juillet 1970, on proc\u00e8de \u00e0 l\u2019ouverture du Camping. \u00c0 cette date, on retrouve 90 emplacements disponibles dans la partie sur\u00e9lev\u00e9e du terrain. \u00c0 cette p\u00e9riode, les emplacements sont sans service. \u00c0 l\u2019\u00e9t\u00e9 1971, on agrandit le terrain de camping. Une nouvelle zone est ouverte cette fois-ci dans la partie basse du terrain et celle-ci en sera une de services. Le terrain poss\u00e8de maintenant 182 emplacements.<\/p>\n<p><b><a href=\"http:\/\/www.campingtrois-pistoles.com\/nouvelles_images\/news_2_6.jpg\" target=\"blank\"><img decoding=\"async\" src=\"http:\/\/www.campingtrois-pistoles.com\/nouvelles_images\/news_2_6.jpg\" width=\"300\" align=\"RIGHT\" border=\"0\" hspace=\"10\" \/><\/a><\/b><br \/>\nDepuis l\u2019ouverture, l\u2019acc\u00e8s au terrain \u00e9tait situ\u00e9 sur la rue Avenue du Parc, soit la rue pour se rendre au quai de Trois-Pistoles, mais en 1977, on effectue le changement de cette voie d\u2019acc\u00e8s pour la transporter sur l\u2019art\u00e8re principale de Trois-Pistoles, soit la rue Notre-Dame ouest, par la rue transversale Chanoine C\u00f4t\u00e9.<\/p>\n<p>De 1970 \u00e0 1981, le camping est enti\u00e8rement sous la responsabilit\u00e9 du gouvernement. Toute la gestion, l\u2019entretien, l\u2019embauche regarde uniquement le minist\u00e8re responsable.<\/p>\n<p>En juin 1982, le terrain de camping est c\u00e9d\u00e9 pour la somme de 1.00 $ \u00e0 la Municipalit\u00e9 de Trois-Pistoles. La municipalit\u00e9 se rend propri\u00e9taire du terrain mais accorde la gestion \u00e0 un organisme \u00e0 but non lucratif soit l\u2019Association chasse et P\u00eache des Basques. Depuis, l&rsquo;Association op\u00e8re avec succ\u00e8s le camping. L&rsquo;Association prend \u00e0 coeur la qualit\u00e9 des services offerts \u00e0 sa client\u00e8le.<\/p>\n<p>Bienvenue au Camping municipal de Trois-Pistoles, l\u00e0 o\u00f9 il fait bon s\u00e9journer!<\/p>\n<p>&nbsp;<\/p>\n","protected":false},"excerpt":{"rendered":"<p>HISTORIQUE DU CAMPING Le 24 novembre 1969, le Minist\u00e8re du Tourisme, de la Chasse et de la P\u00eache achetait de Mme Anita Rioux, seigneuresse de la lign\u00e9e de Jean Rioux, un terrain de dimension de 3 878 465 pieds carr\u00e9s pour en faire un Camping provincial.<\/p>\n","protected":false},"author":1,"featured_media":79,"parent":0,"menu_order":0,"comment_status":"closed","ping_status":"closed","template":"","meta":{"footnotes":""},"class_list":["post-11","page","type-page","status-publish","has-post-thumbnail","hentry"],"_links":{"self":[{"href":"https:\/\/www.campingtrois-pistoles.com\/WP\/wp-json\/wp\/v2\/pages\/11","targetHints":{"allow":["GET"]}}],"collection":[{"href":"https:\/\/www.campingtrois-pistoles.com\/WP\/wp-json\/wp\/v2\/pages"}],"about":[{"href":"https:\/\/www.campingtrois-pistoles.com\/WP\/wp-json\/wp\/v2\/types\/page"}],"author":[{"embeddable":true,"href":"https:\/\/www.campingtrois-pistoles.com\/WP\/wp-json\/wp\/v2\/users\/1"}],"replies":[{"embeddable":true,"href":"https:\/\/www.campingtrois-pistoles.com\/WP\/wp-json\/wp\/v2\/comments?post=11"}],"version-history":[{"count":5,"href":"https:\/\/www.campingtrois-pistoles.com\/WP\/wp-json\/wp\/v2\/pages\/11\/revisions"}],"predecessor-version":[{"id":310,"href":"https:\/\/www.campingtrois-pistoles.com\/WP\/wp-json\/wp\/v2\/pages\/11\/revisions\/310"}],"wp:featuredmedia":[{"embeddable":true,"href":"https:\/\/www.campingtrois-pistoles.com\/WP\/wp-json\/wp\/v2\/media\/79"}],"wp:attachment":[{"href":"https:\/\/www.campingtrois-pistoles.com\/WP\/wp-json\/wp\/v2\/media?parent=11"}],"curies":[{"name":"wp","href":"https:\/\/api.w.org\/{rel}","templated":true}]}}